{"id":18777,"date":"2018-08-27T19:22:31","date_gmt":"2018-08-27T19:22:31","guid":{"rendered":"http:\/\/novo.gruporazente.com.br\/?page_id=18777"},"modified":"2021-06-18T13:59:35","modified_gmt":"2021-06-18T13:59:35","slug":"a-empresa","status":"publish","type":"page","link":"https:\/\/www.imobiliariamanzotti.com.br\/index.php\/a-empresa\/","title":{"rendered":"A Empresa"},"content":{"rendered":"<p>Um novo conceito no ramo imobili\u00e1rio de Nova Esperan\u00e7a e regi\u00e3o surgiu no m\u00eas de setembro de 2009 a Manzotti Im\u00f3veis.<\/p>\n<p>A empresa ser\u00e1 respons\u00e1vel por vendas de loteamento e integrar\u00e1 o forte e tradicional grupo da fam\u00edlia Manzotti, que administra a Casa das Ferragens e Construtora Manzotti.<\/p>\n<p>Vamos oferecer uma empresa diferenciada, com consultoria imobili\u00e1ria em vendas, loca\u00e7\u00f5es,loteamentos e incorpora\u00e7\u00f5es.<br \/>\nLocalizada na Avenida 14 de Dezembro, 785, em frente a casa das ferragens.<\/p>\n<p>O mercado imobili\u00e1rio de Nova Esperan\u00e7a tem experimentado nos \u00faltimos vinte anos um dos mais altos \u00edndices de crescimento, e, \u00e9 neste ambiente que propicia id\u00e9ias inovadoras que surgiu a Manzotti Im\u00f3veis.<\/p>\n<p>\u201cA Manzotti atuar\u00e1 na formata\u00e7\u00e3o de novos modelos de empreendimentos imobili\u00e1rios em parcerias com as principais empresas incorporadoras do noroeste do Estado focando a sua energia criativa na descoberta de inexplorados nichos de mercado\u201d.<\/p>\n<p>Os empreendimentos idealizados pela empresa e seus parceiros,levar\u00e3o marcas in\u00e9ditas: ousadia, inova\u00e7\u00e3o e modernidade. O desempenho em vendas dos empreendimentos da Construtora Manzotti, a grande maioria ainda na planta, \u00e9 a prova definitiva da aprova\u00e7\u00e3o do mercado ao modelo Manzotti Im\u00f3veis de trabalhar. Tem-se assim, o grande diferencial da empresa: permeando todo o portif\u00f3lio de suas opera\u00e7\u00f5es, no comprometimento com o sucesso do seu Cliente.<\/p>\n<p>A empresa acredita que o seu lucro nascer\u00e1 unicamente, a partir da satisfa\u00e7\u00e3o do Cliente. Por isto, toda a energia criativa da empresa est\u00e1 voltada para a busca e conquista da inova\u00e7\u00e3o no seu mercado, como forma de garantir o \u00eaxito de seus empreendimentos, com retorno para seus Clientes e parceiros.<\/p>\n<p>Cada empreendimento da empresa ser\u00e1 precedido de um rigoroso e completo trabalho de marketing, no estudo de novas tend\u00eancias, novas t\u00e9cnicas e novas abordagens, seja no segmento residencial ou comercial. \u201cNestes dois segmentos, a Manzotti Im\u00f3veis ter\u00e1 total flexibilidade para opera\u00e7\u00f5es nos padr\u00f5es: alto, m\u00e9dio e popular, o que resultar\u00e1 em produtos imobili\u00e1rios onde a concep\u00e7\u00e3o e o desenvolvimento ter\u00e1, sobretudo, a marca do extremo profissionalismo e o cuidado em assegurar o sucesso mercadol\u00f3gico e o retorno financeiro\u201d,<\/p>\n<p>A MANZOTTI IM\u00d3VEIS apresenta e oferece aos Clientes, produtos e solu\u00e7\u00f5es inovadoras, desde a criteriosa escolha da \u00e1rea, passando pela concep\u00e7\u00e3o arquitet\u00f4nica e construtiva. Os padr\u00f5es de excel\u00eancia com os quais a Construtora Manzotti trabalha em seus empreendimentos qualificam e credenciam \u00e0 resultados positivos em lan\u00e7amentos futuros bem sucedidos pela Manzotti Im\u00f3veis.<\/p>\n<p>\u201cA partir das diretrizes fixadas em seu planejamento estrat\u00e9gico, a Manzotti Im\u00f3veis est\u00e1 pronta para crescer junto a expans\u00e3o do mercado imobili\u00e1rio de Nova Esperan\u00e7a e regi\u00e3o, o que \u00e9 fato definido e consolidado. A empresa tem plena consci\u00eancia de que disp\u00f5e de todas as condi\u00e7\u00f5es para operar bem, neste novo e competitivo mercado\u201d, conclu\u00edram otimistas os s\u00f3cios da Manzotti Im\u00f3veis.<\/p>\n","protected":false},"excerpt":{"rendered":"<p>Um novo conceito no ramo imobili\u00e1rio de Nova Esperan\u00e7a e regi\u00e3o surgiu no m\u00eas de setembro de 2009 a Manzotti Im\u00f3veis. A empresa ser\u00e1 respons\u00e1vel por vendas de loteamento e integrar\u00e1 o forte e tradicional grupo da fam\u00edlia Manzotti, que administra a Casa das Ferragens e Construtora Manzotti. Vamos oferecer uma empresa diferenciada, com consultoria imobili\u00e1ria em vendas, loca\u00e7\u00f5es,loteamentos e incorpora\u00e7\u00f5es. Localizada na Avenida &#8230;<\/p>\n","protected":false},"author":1,"featured_media":0,"parent":0,"menu_order":0,"comment_status":"closed","ping_status":"closed","template":"","meta":[],"_links":{"self":[{"href":"https:\/\/www.imobiliariamanzotti.com.br\/index.php\/wp-json\/wp\/v2\/pages\/18777"}],"collection":[{"href":"https:\/\/www.imobiliariamanzotti.com.br\/index.php\/wp-json\/wp\/v2\/pages"}],"about":[{"href":"https:\/\/www.imobiliariamanzotti.com.br\/index.php\/wp-json\/wp\/v2\/types\/page"}],"author":[{"embeddable":true,"href":"https:\/\/www.imobiliariamanzotti.com.br\/index.php\/wp-json\/wp\/v2\/users\/1"}],"replies":[{"embeddable":true,"href":"https:\/\/www.imobiliariamanzotti.com.br\/index.php\/wp-json\/wp\/v2\/comments?post=18777"}],"version-history":[{"count":11,"href":"https:\/\/www.imobiliariamanzotti.com.br\/index.php\/wp-json\/wp\/v2\/pages\/18777\/revisions"}],"predecessor-version":[{"id":22206,"href":"https:\/\/www.imobiliariamanzotti.com.br\/index.php\/wp-json\/wp\/v2\/pages\/18777\/revisions\/22206"}],"wp:attachment":[{"href":"https:\/\/www.imobiliariamanzotti.com.br\/index.php\/wp-json\/wp\/v2\/media?parent=18777"}],"curies":[{"name":"wp","href":"https:\/\/api.w.org\/{rel}","templated":true}]}}